{"id":160,"date":"2022-04-27T13:27:37","date_gmt":"2022-04-27T13:27:37","guid":{"rendered":"http:\/\/landing.gruasotomayor.cl\/?page_id=160"},"modified":"2022-05-04T20:27:35","modified_gmt":"2022-05-04T20:27:35","slug":"home","status":"publish","type":"page","link":"https:\/\/landing.gruasotomayor.cl\/","title":{"rendered":"Home"},"content":{"rendered":"<style>\/*! elementor - v3.6.5 - 27-04-2022 *\/\n.elementor-heading-title{padding:0;margin:0;line-height:1}.elementor-widget-heading .elementor-heading-title[class*=elementor-size-]>a{color:inherit;font-size:inherit;line-height:inherit}.elementor-widget-heading .elementor-heading-title.elementor-size-small{font-size:15px}.elementor-widget-heading .elementor-heading-title.elementor-size-medium{font-size:19px}.elementor-widget-heading .elementor-heading-title.elementor-size-large{font-size:29px}.elementor-widget-heading .elementor-heading-title.elementor-size-xl{font-size:39px}.elementor-widget-heading .elementor-heading-title.elementor-size-xxl{font-size:59px}<\/style>\n<h2>Movimiento De Maquinarias Pesadas Y Descarga De Javas De Cristales<\/h2>\n<p>Fundada a principios del a\u00f1o 2007, GRUAS SOTOMAYOR profundiza su compromiso con sus clientes, a partir de su variada oferta de servicios, calidad de sus operadores y maquinarias de primer nivel.<br \/>\nLo invitamos a visitar las diferentes secciones, en las cuales estamos seguros encontrara la soluci\u00f3n a sus necesidades de arriendo de maquinarias.\n<\/p>\n<p>\t\t\t<a href=\"https:\/\/api.whatsapp.com\/send?phone=56981292756&#038;text=Me%20interesan%20sus%20servicios\" role=\"button\"><br \/>\n\t\t\t\t\t\tConversar con un experto<br \/>\n\t\t\t\t\t<\/a><\/p>\n<style>\/*! elementor - v3.6.5 - 27-04-2022 *\/\n.elementor-widget-image{text-align:center}.elementor-widget-image a{display:inline-block}.elementor-widget-image a img[src$=\".svg\"]{width:48px}.elementor-widget-image img{vertical-align:middle;display:inline-block}<\/style>\n<p>\t\t\t\t\t\t\t\t\t\t\t\t<img decoding=\"async\" width=\"150\" height=\"150\" src=\"https:\/\/landing.gruasotomayor.cl\/wp-content\/uploads\/2022\/05\/Sin-ti\u0301tulo-1_Mesa-de-trabajo-1.png\" alt=\"\" loading=\"lazy\" \/><br \/>\n\t\t\t\t\t\t\t\t\t\t\t\t\t\t\t<img decoding=\"async\" width=\"1080\" height=\"1080\" src=\"https:\/\/landing.gruasotomayor.cl\/wp-content\/uploads\/2022\/04\/gruaspequen\u0303as-02.png\" alt=\"\" loading=\"lazy\" srcset=\"https:\/\/landing.gruasotomayor.cl\/wp-content\/uploads\/2022\/04\/gruaspequen\u0303as-02.png 1080w, https:\/\/landing.gruasotomayor.cl\/wp-content\/uploads\/2022\/04\/gruaspequen\u0303as-02-300x300.png 300w, https:\/\/landing.gruasotomayor.cl\/wp-content\/uploads\/2022\/04\/gruaspequen\u0303as-02-1024x1024.png 1024w, https:\/\/landing.gruasotomayor.cl\/wp-content\/uploads\/2022\/04\/gruaspequen\u0303as-02-150x150.png 150w, https:\/\/landing.gruasotomayor.cl\/wp-content\/uploads\/2022\/04\/gruaspequen\u0303as-02-768x768.png 768w\" sizes=\"auto, (max-width: 1080px) 100vw, 1080px\" \/><br \/>\n\t\t\t\t\t\t\t\t\t\t\t\t\t\t\t<img decoding=\"async\" width=\"108\" height=\"108\" src=\"https:\/\/landing.gruasotomayor.cl\/wp-content\/uploads\/2022\/04\/ec662a31-sl-key-features-layer.png\" alt=\"\" loading=\"lazy\" \/>\t\t\t\t\t\t\t\t\t\t\t\t\t\t\t<\/p>\n<h2>Nuestros Servicios<\/h2>\n<p>\t\t\t        <a href=\"#montajes\"  ><br \/>\n                            <img decoding=\"async\" src=\"https:\/\/landing.gruasotomayor.cl\/wp-content\/uploads\/2022\/05\/Sin-ti\u0301tulo-1_Mesa-de-trabajo-1.png\" alt=\"\"><\/p>\n<h6>Montaje y Desmontaje De Maquinaria<\/h6>\n<p>    <\/a><br \/>\n\t\t\t        <a href=\"#cristalesdesnudos\"  ><br \/>\n                            <img decoding=\"async\" src=\"https:\/\/landing.gruasotomayor.cl\/wp-content\/uploads\/2022\/05\/Sin-ti\u0301tulo-1-02.png\" alt=\"\"><\/p>\n<h6>Descargas De M\u00e1rmol<\/h6>\n<p>    <\/a><br \/>\n\t\t\t        <a href=\"#cristalesjavas\"  ><br \/>\n                            <img decoding=\"async\" src=\"https:\/\/landing.gruasotomayor.cl\/wp-content\/uploads\/2022\/05\/Sin-ti\u0301tulo-1-03.png\" alt=\"\"><\/p>\n<h6>Descarga De Cristales En Javas<\/h6>\n<p>    <\/a><br \/>\n\t\t\t        <a href=\"#movimientocarga\"  ><br \/>\n                            <img decoding=\"async\" src=\"https:\/\/landing.gruasotomayor.cl\/wp-content\/uploads\/2022\/05\/Sin-ti\u0301tulo-1-04.png\" alt=\"\"><\/p>\n<h6>Orden y Movimiento De Carga<\/h6>\n<p>    <\/a><br \/>\n\t\t\t\t\t\t\t\t\t\t\t\t\t\t\t<img decoding=\"async\" width=\"312\" height=\"385\" src=\"https:\/\/landing.gruasotomayor.cl\/wp-content\/uploads\/2022\/04\/bf26e860-sl-shape-layer.png\" alt=\"\" loading=\"lazy\" srcset=\"https:\/\/landing.gruasotomayor.cl\/wp-content\/uploads\/2022\/04\/bf26e860-sl-shape-layer.png 312w, https:\/\/landing.gruasotomayor.cl\/wp-content\/uploads\/2022\/04\/bf26e860-sl-shape-layer-243x300.png 243w\" sizes=\"auto, (max-width: 312px) 100vw, 312px\" \/><br \/>\n\t\t\t\t\t\t\t\t\t\t\t\t\t\t\t<img decoding=\"async\" width=\"260\" height=\"235\" src=\"https:\/\/landing.gruasotomayor.cl\/wp-content\/uploads\/2022\/04\/f921bff6-sl-shape-layer-2.png\" alt=\"\" loading=\"lazy\" \/><br \/>\n\t\t\t\t\t\t\t\t\t\t\t\t\t\t\t<img decoding=\"async\" width=\"266\" height=\"282\" src=\"https:\/\/landing.gruasotomayor.cl\/wp-content\/uploads\/2022\/04\/d73986cf-sl-shape-layer-yellow.png\" alt=\"\" loading=\"lazy\" \/><br \/>\n\t\t\t\t\t\t\t\t\t\t\t\t\t\t\t<img decoding=\"async\" width=\"640\" height=\"512\" src=\"https:\/\/landing.gruasotomayor.cl\/wp-content\/uploads\/2022\/05\/43yrd.jpg\" alt=\"\" loading=\"lazy\" srcset=\"https:\/\/landing.gruasotomayor.cl\/wp-content\/uploads\/2022\/05\/43yrd.jpg 640w, https:\/\/landing.gruasotomayor.cl\/wp-content\/uploads\/2022\/05\/43yrd-300x240.jpg 300w\" sizes=\"auto, (max-width: 640px) 100vw, 640px\" \/>\t\t\t\t\t\t\t\t\t\t\t\t\t\t\t<\/p>\n<h2>Montaje Y Desmontaje De Maquinaria<\/h2>\n<p>Servicio especializado y completo para empresas que requieran el traslado, montaje y desmontaje de maquinas industriales.<\/p>\n<p>\t\t\t<a href=\"https:\/\/api.whatsapp.com\/send?phone=56981292756&#038;text=Me%20interesan%20sus%20servicios\" role=\"button\"><br \/>\n\t\t\t\t\t\tConversemos<br \/>\n\t\t\t\t\t<\/a><br \/>\n\t\t\t\t\t\t\t\t\t\t\t\t\t\t\t<img decoding=\"async\" width=\"177\" height=\"125\" src=\"https:\/\/landing.gruasotomayor.cl\/wp-content\/uploads\/2022\/04\/bf84fc42-sl-blue-shape.png\" alt=\"\" loading=\"lazy\" \/>\t\t\t\t\t\t\t\t\t\t\t\t\t\t\t<\/p>\n<h2>Descargas De Marmol<\/h2>\n<p>Servicio segmentado a empresas de m\u00e1rmol nacionales as\u00ed<br \/>\ncomo tambi\u00e9n a proveedores de empresas de m\u00e1rmol. El servicio consiste en la descarga de<br \/>\ncontenedores tanto nacionales como internacionales de contendores de 20 o 40 pies de javas de<br \/>\ndiferente tipo de m\u00e1rmol tanto como cuarzo o granito el cual consiste en el servicio completo de<br \/>\ndescarga de las javas hasta el traslado hacia los atriles o deposito en donde estime conveniente el cliente.<\/p>\n<p>\t\t\t<a href=\"https:\/\/api.whatsapp.com\/send?phone=56981292756&#038;text=Me%20interesan%20sus%20servicios\" role=\"button\"><br \/>\n\t\t\t\t\t\tConversemos<br \/>\n\t\t\t\t\t<\/a><br \/>\n\t\t\t\t\t\t\t\t\t\t\t\t\t\t\t<img decoding=\"async\" width=\"640\" height=\"480\" src=\"https:\/\/landing.gruasotomayor.cl\/wp-content\/uploads\/2022\/05\/18582221_1325716617509863_7338361075119753976_n.jpg\" alt=\"\" loading=\"lazy\" srcset=\"https:\/\/landing.gruasotomayor.cl\/wp-content\/uploads\/2022\/05\/18582221_1325716617509863_7338361075119753976_n.jpg 640w, https:\/\/landing.gruasotomayor.cl\/wp-content\/uploads\/2022\/05\/18582221_1325716617509863_7338361075119753976_n-300x225.jpg 300w\" sizes=\"auto, (max-width: 640px) 100vw, 640px\" \/><br \/>\n\t\t\t\t\t\t\t\t\t\t\t\t\t\t\t<img decoding=\"async\" width=\"312\" height=\"385\" src=\"https:\/\/landing.gruasotomayor.cl\/wp-content\/uploads\/2022\/04\/bf26e860-sl-shape-layer.png\" alt=\"\" loading=\"lazy\" srcset=\"https:\/\/landing.gruasotomayor.cl\/wp-content\/uploads\/2022\/04\/bf26e860-sl-shape-layer.png 312w, https:\/\/landing.gruasotomayor.cl\/wp-content\/uploads\/2022\/04\/bf26e860-sl-shape-layer-243x300.png 243w\" sizes=\"auto, (max-width: 312px) 100vw, 312px\" \/><br \/>\n\t\t\t\t\t\t\t\t\t\t\t\t\t\t\t<img decoding=\"async\" width=\"266\" height=\"159\" src=\"https:\/\/landing.gruasotomayor.cl\/wp-content\/uploads\/2022\/04\/495c89fb-sl-line-shape.png\" alt=\"\" loading=\"lazy\" \/><br \/>\n\t\t\t\t\t\t\t\t\t\t\t\t\t\t\t<img decoding=\"async\" width=\"640\" height=\"480\" src=\"https:\/\/landing.gruasotomayor.cl\/wp-content\/uploads\/2022\/05\/18557511_1325716560843202_2675269205559835229_n.jpg\" alt=\"\" loading=\"lazy\" srcset=\"https:\/\/landing.gruasotomayor.cl\/wp-content\/uploads\/2022\/05\/18557511_1325716560843202_2675269205559835229_n.jpg 640w, https:\/\/landing.gruasotomayor.cl\/wp-content\/uploads\/2022\/05\/18557511_1325716560843202_2675269205559835229_n-300x225.jpg 300w\" sizes=\"auto, (max-width: 640px) 100vw, 640px\" \/>\t\t\t\t\t\t\t\t\t\t\t\t\t\t\t<\/p>\n<h2>Descarga De Cristales En Javas<\/h2>\n<p>Servicio segmentado a vidrieras nacionales as\u00ed como tambi\u00e9n a proveedores de vidrier\u00edas. El servicio consiste en la descarga de contenedores de 20 o 40 pies de javas de vidrios tanto nacionales como internacionales. Tenemos un servicio completo de descarga  hasta el traslado hacia los atriles o dep\u00f3sitos en donde estime conveniente el cliente.<\/p>\n<p>\t\t\t<a href=\"https:\/\/api.whatsapp.com\/send?phone=56981292756&#038;text=Me%20interesan%20sus%20servicios\" role=\"button\"><br \/>\n\t\t\t\t\t\tConversemos<br \/>\n\t\t\t\t\t<\/a><br \/>\n\t\t\t\t\t\t\t\t\t\t\t\t\t\t\t<img decoding=\"async\" width=\"383\" height=\"405\" src=\"https:\/\/landing.gruasotomayor.cl\/wp-content\/uploads\/2022\/04\/ca72facd-sl-orange-brash-shape.png\" alt=\"\" loading=\"lazy\" srcset=\"https:\/\/landing.gruasotomayor.cl\/wp-content\/uploads\/2022\/04\/ca72facd-sl-orange-brash-shape.png 383w, https:\/\/landing.gruasotomayor.cl\/wp-content\/uploads\/2022\/04\/ca72facd-sl-orange-brash-shape-284x300.png 284w\" sizes=\"auto, (max-width: 383px) 100vw, 383px\" \/>\t\t\t\t\t\t\t\t\t\t\t\t\t\t\t<\/p>\n<h2>Orden y Movimiento De Carga<\/h2>\n<p>Servicio generalizado al movimiento de carga de poco y alto tonelaje  tanto cargas y movimientos de pales o mercanc\u00eda as\u00ed como movimientos de m\u00e1quinas o maquinarias industriales de poco y alto tonelaje<\/p>\n<p>\t\t\t<a href=\"https:\/\/api.whatsapp.com\/send?phone=56981292756&#038;text=Me%20interesan%20sus%20servicios\" role=\"button\"><br \/>\n\t\t\t\t\t\tConversemos<br \/>\n\t\t\t\t\t<\/a><br \/>\n\t\t\t\t\t\t\t\t\t\t\t\t\t\t\t<img decoding=\"async\" width=\"640\" height=\"480\" src=\"https:\/\/landing.gruasotomayor.cl\/wp-content\/uploads\/2022\/04\/img00445-20100130-1730.jpg\" alt=\"\" loading=\"lazy\" srcset=\"https:\/\/landing.gruasotomayor.cl\/wp-content\/uploads\/2022\/04\/img00445-20100130-1730.jpg 640w, https:\/\/landing.gruasotomayor.cl\/wp-content\/uploads\/2022\/04\/img00445-20100130-1730-300x225.jpg 300w\" sizes=\"auto, (max-width: 640px) 100vw, 640px\" \/><br \/>\n\t\t\t\t\t\t\t\t\t\t\t\t\t\t\t<img decoding=\"async\" width=\"383\" height=\"405\" src=\"https:\/\/landing.gruasotomayor.cl\/wp-content\/uploads\/2022\/04\/86ec85fe-blue-brash-shape.png\" alt=\"\" loading=\"lazy\" srcset=\"https:\/\/landing.gruasotomayor.cl\/wp-content\/uploads\/2022\/04\/86ec85fe-blue-brash-shape.png 383w, https:\/\/landing.gruasotomayor.cl\/wp-content\/uploads\/2022\/04\/86ec85fe-blue-brash-shape-284x300.png 284w\" sizes=\"auto, (max-width: 383px) 100vw, 383px\" \/>\t\t\t\t\t\t\t\t\t\t\t\t\t\t\t<\/p>\n<h2>Preguntas Frecuentes<\/h2>\n<p>                \u00bfPor qu\u00e9 elegirnos?<\/p>\n<p><p>Nuestros servicios son totalmente personalizados nos respalda una experiencia en el rubro de mas de 15 a\u00f1os el cual transmite tranquilidad y alivio a nuestros clientes al momento de trabajar con nosotros adem\u00e1s de destacar a la empresa por la misi\u00f3n de siempre accesorar y acompa\u00f1ar al cliente a realizar una faena totalmente segura entregar un servicio completo incluyendo operadores calificados y experimentados as\u00ed como riggers con las mismas cualidades anteriormente mencionadas e implementos extras en el cual permite realizar la faena de mejor forma dando una experiencia en el servicio totalmente distinto a los dem\u00e1s en este rubro<\/p>\n<\/p>\n<p>                \u00bfC\u00f3mo contratar nuestros servicios?<\/p>\n<p><p>El primer Paso es ponernos en contacto v\u00eda tel\u00e9fono o WhatsApp en el cual lo atender\u00e1 uno de nuestros supervisores para asesorarlo en temas m\u00e1s t\u00e9cnicos y ver cual es la maniobra y maquinaria necesaria para la faena despu\u00e9s se procede a enviar una cotizaci\u00f3n con precios y condiciones de arriendo para empezar a coordinar temas log\u00edsticos de la faena tanto como d\u00eda, hora y lugar de la faena.<\/p>\n<\/p>\n<p>                \u00bfDonde est\u00e1n ubicados?<\/p>\n<p><p>Nuestras bodegas se encuentran ubicadas en la comuna de Quinta normal pero cabe se\u00f1alar que llegamos y abarcamos toda la regi\u00f3n metropolitana y sus alrededores.<\/p>\n<\/p>\n<p>                Horarios de atenci\u00f3n<\/p>\n<p><p>Nuestro horario de trabajo es de lunes a viernes de 8:00 a 18:00 hrs sin embargo tenemos horarios de atenci\u00f3n al cliente 24\/7 tanto por WhatsApp as\u00ed como por tel\u00e9fono fijo para resolver cualquier duda o programar alguna faena en espec\u00edfico.<\/p>\n<\/p>\n<p>        <!-- FAQ Schema : Starts--><br \/>\n                <!-- FAQ Schema : Ends--><\/p>\n<h2>A\u00f1os De Experiencia y Servicio<\/h2>\n<p>\t\t\t\t\t\t\t\t\t\t\t\t\t\t\t<img decoding=\"async\" width=\"1040\" height=\"780\" src=\"https:\/\/landing.gruasotomayor.cl\/wp-content\/uploads\/2022\/04\/WhatsApp-Image-2020-09-23-at-14.54.01-4.jpeg\" alt=\"\" loading=\"lazy\" srcset=\"https:\/\/landing.gruasotomayor.cl\/wp-content\/uploads\/2022\/04\/WhatsApp-Image-2020-09-23-at-14.54.01-4.jpeg 1040w, https:\/\/landing.gruasotomayor.cl\/wp-content\/uploads\/2022\/04\/WhatsApp-Image-2020-09-23-at-14.54.01-4-300x225.jpeg 300w, https:\/\/landing.gruasotomayor.cl\/wp-content\/uploads\/2022\/04\/WhatsApp-Image-2020-09-23-at-14.54.01-4-1024x768.jpeg 1024w, https:\/\/landing.gruasotomayor.cl\/wp-content\/uploads\/2022\/04\/WhatsApp-Image-2020-09-23-at-14.54.01-4-768x576.jpeg 768w\" sizes=\"auto, (max-width: 1040px) 100vw, 1040px\" \/>\t\t\t\t\t\t\t\t\t\t\t\t\t\t\t<\/p>\n<ul>\n<li><strong>Misi\u00f3n:<\/strong> Gr\u00faas Sotomayor tiene la misi\u00f3n de entregar una soluci\u00f3n eficaz y especializada en su problema que se pueda resolver con maquinarias de gr\u00faas horquillas y gr\u00faas plumas dando siempre un servicio de calidad y prestigio ayudando al cliente en todo momento entregando seguridad y calma a sus clientes.<\/li>\n<li><strong>Visi\u00f3n:<\/strong> Gr\u00faas Sotomayor busca ser l\u00edder en el mercado de arriendo de maquinaria especializada en las gr\u00faas horquillas y gr\u00faas plumas as\u00ed como ser reconocido como empresa premium en la industria resaltando el profesionalismo y calidad de sus servicios siendo siempre la primera opci\u00f3n y las confiable para resolver los problemas de nuestros clientes.<\/li>\n<\/ul>\n<p style=\"display: block; float: none;\">Gruas Sotomayor<\/p>\n<p>Santiago, Chile<\/p>\n","protected":false},"excerpt":{"rendered":"<p>Movimiento De Maquinarias Pesadas Y Descarga De Javas De Cristales Fundada a principios del a\u00f1o 2007, GRUAS SOTOMAYOR profundiza su compromiso con sus clientes, a partir de su variada oferta de servicios, calidad de sus operadores y maquinarias de primer nivel. Lo invitamos a visitar las diferentes secciones, en las cuales estamos seguros encontrara la&hellip; <a class=\"more-link\" href=\"https:\/\/landing.gruasotomayor.cl\/\">Continue reading <span class=\"screen-reader-text\">Home<\/span><\/a><\/p>\n","protected":false},"author":1,"featured_media":0,"parent":0,"menu_order":0,"comment_status":"closed","ping_status":"closed","template":"","meta":{"footnotes":""},"class_list":["post-160","page","type-page","status-publish","hentry","entry"],"_links":{"self":[{"href":"https:\/\/landing.gruasotomayor.cl\/index.php?rest_route=\/wp\/v2\/pages\/160","targetHints":{"allow":["GET"]}}],"collection":[{"href":"https:\/\/landing.gruasotomayor.cl\/index.php?rest_route=\/wp\/v2\/pages"}],"about":[{"href":"https:\/\/landing.gruasotomayor.cl\/index.php?rest_route=\/wp\/v2\/types\/page"}],"author":[{"embeddable":true,"href":"https:\/\/landing.gruasotomayor.cl\/index.php?rest_route=\/wp\/v2\/users\/1"}],"replies":[{"embeddable":true,"href":"https:\/\/landing.gruasotomayor.cl\/index.php?rest_route=%2Fwp%2Fv2%2Fcomments&post=160"}],"version-history":[{"count":39,"href":"https:\/\/landing.gruasotomayor.cl\/index.php?rest_route=\/wp\/v2\/pages\/160\/revisions"}],"predecessor-version":[{"id":236,"href":"https:\/\/landing.gruasotomayor.cl\/index.php?rest_route=\/wp\/v2\/pages\/160\/revisions\/236"}],"wp:attachment":[{"href":"https:\/\/landing.gruasotomayor.cl\/index.php?rest_route=%2Fwp%2Fv2%2Fmedia&parent=160"}],"curies":[{"name":"wp","href":"https:\/\/api.w.org\/{rel}","templated":true}]}}